{"id":109,"date":"2020-05-01T15:02:29","date_gmt":"2020-05-01T13:02:29","guid":{"rendered":"http:\/\/osteoanimaux-carole.ch\/?page_id=109"},"modified":"2021-02-13T21:04:06","modified_gmt":"2021-02-13T20:04:06","slug":"accueil","status":"publish","type":"page","link":"https:\/\/osteoanimaux-carole.ch\/","title":{"rendered":"Bienvenue"},"content":{"rendered":"\n<p>Une m\u00e9decine naturelle pour une bonne sant\u00e9 et le bien-\u00eatre de votre animal <\/p>\n\n\n\n<figure class=\"wp-container-2 wp-block-gallery-1 wp-block-gallery columns-1\"><ul class=\"blocks-gallery-grid\"><li class=\"blocks-gallery-item\"><figure><img fetchpriority=\"high\" width=\"1024\" height=\"333\" src=\"http:\/\/osteoanimaux-carole.ch\/wp-content\/uploads\/2020\/04\/cropped-20190617_093301-2-4-1024x333.jpg\" alt=\"\" data-id=\"157\" data-full-url=\"http:\/\/osteoanimaux-carole.ch\/wp-content\/uploads\/2020\/04\/cropped-20190617_093301-2-4.jpg\" data-link=\"http:\/\/osteoanimaux-carole.ch\/cropped-20190617_093301-2-4-jpg\/\" class=\"wp-image-157\" srcset=\"https:\/\/osteoanimaux-carole.ch\/wp-content\/uploads\/2020\/04\/cropped-20190617_093301-2-4-1024x333.jpg 1024w, https:\/\/osteoanimaux-carole.ch\/wp-content\/uploads\/2020\/04\/cropped-20190617_093301-2-4-300x98.jpg 300w, https:\/\/osteoanimaux-carole.ch\/wp-content\/uploads\/2020\/04\/cropped-20190617_093301-2-4-768x250.jpg 768w, https:\/\/osteoanimaux-carole.ch\/wp-content\/uploads\/2020\/04\/cropped-20190617_093301-2-4-676x220.jpg 676w, https:\/\/osteoanimaux-carole.ch\/wp-content\/uploads\/2020\/04\/cropped-20190617_093301-2-4.jpg 1280w\" sizes=\"(max-width: 1024px) 100vw, 1024px\" \/><\/figure><\/li><\/ul><\/figure>\n","protected":false},"excerpt":{"rendered":"<p>Une m\u00e9decine naturelle pour une bonne sant\u00e9 et le bien-\u00eatre de votre animal<\/p>\n","protected":false},"author":1,"featured_media":0,"parent":0,"menu_order":0,"comment_status":"closed","ping_status":"closed","template":"","meta":[],"_links":{"self":[{"href":"https:\/\/osteoanimaux-carole.ch\/index.php\/wp-json\/wp\/v2\/pages\/109"}],"collection":[{"href":"https:\/\/osteoanimaux-carole.ch\/index.php\/wp-json\/wp\/v2\/pages"}],"about":[{"href":"https:\/\/osteoanimaux-carole.ch\/index.php\/wp-json\/wp\/v2\/types\/page"}],"author":[{"embeddable":true,"href":"https:\/\/osteoanimaux-carole.ch\/index.php\/wp-json\/wp\/v2\/users\/1"}],"replies":[{"embeddable":true,"href":"https:\/\/osteoanimaux-carole.ch\/index.php\/wp-json\/wp\/v2\/comments?post=109"}],"version-history":[{"count":52,"href":"https:\/\/osteoanimaux-carole.ch\/index.php\/wp-json\/wp\/v2\/pages\/109\/revisions"}],"predecessor-version":[{"id":516,"href":"https:\/\/osteoanimaux-carole.ch\/index.php\/wp-json\/wp\/v2\/pages\/109\/revisions\/516"}],"wp:attachment":[{"href":"https:\/\/osteoanimaux-carole.ch\/index.php\/wp-json\/wp\/v2\/media?parent=109"}],"curies":[{"name":"wp","href":"https:\/\/api.w.org\/{rel}","templated":true}]}}